{"id":281,"date":"2007-11-26T01:49:41","date_gmt":"2007-11-26T00:49:41","guid":{"rendered":"http:\/\/www.stanetdam.com\/relire\/"},"modified":"2007-11-26T01:49:41","modified_gmt":"2007-11-26T00:49:41","slug":"relire","status":"publish","type":"page","link":"https:\/\/stanetdam.com\/?page_id=281","title":{"rendered":"On s&rsquo;\u00e9crit ?"},"content":{"rendered":"<p align=\"left\">Vous avez envie folle de nous \u00e9crire?<\/p>\n<p align=\"left\">C&rsquo;est ici :<\/p>\n<h3 style=\"text-align: center;\">contact [at] stanetdam.com<\/h3>\n<p align=\"left\">Si vous le d\u00e9sirez vous pouvez joindre une photo ou votre num\u00e9ro de carte bleue \ud83d\ude09<\/p>\n<div id=\"themify_builder_content-281\" data-postid=\"281\" class=\"themify_builder_content themify_builder_content-281 themify_builder\">\n    <\/div>\n<!-- \/themify_builder_content -->\n","protected":false},"excerpt":{"rendered":"<p>Vous avez envie folle de nous \u00e9crire? C&rsquo;est ici : contact [at] stanetdam.com Si vous le d\u00e9sirez vous pouvez joindre une photo ou votre num\u00e9ro de carte bleue \ud83d\ude09<\/p>\n","protected":false},"author":2,"featured_media":0,"parent":0,"menu_order":2,"comment_status":"closed","ping_status":"open","template":"","meta":{"footnotes":""},"class_list":["post-281","page","type-page","status-publish","hentry","has-post-title","has-post-date","has-post-category","has-post-tag","has-post-comment","has-post-author",""],"builder_content":"","_links":{"self":[{"href":"https:\/\/stanetdam.com\/index.php?rest_route=\/wp\/v2\/pages\/281","targetHints":{"allow":["GET"]}}],"collection":[{"href":"https:\/\/stanetdam.com\/index.php?rest_route=\/wp\/v2\/pages"}],"about":[{"href":"https:\/\/stanetdam.com\/index.php?rest_route=\/wp\/v2\/types\/page"}],"author":[{"embeddable":true,"href":"https:\/\/stanetdam.com\/index.php?rest_route=\/wp\/v2\/users\/2"}],"replies":[{"embeddable":true,"href":"https:\/\/stanetdam.com\/index.php?rest_route=%2Fwp%2Fv2%2Fcomments&post=281"}],"version-history":[{"count":0,"href":"https:\/\/stanetdam.com\/index.php?rest_route=\/wp\/v2\/pages\/281\/revisions"}],"wp:attachment":[{"href":"https:\/\/stanetdam.com\/index.php?rest_route=%2Fwp%2Fv2%2Fmedia&parent=281"}],"curies":[{"name":"wp","href":"https:\/\/api.w.org\/{rel}","templated":true}]}}