{"id":278,"date":"2007-11-26T00:58:06","date_gmt":"2007-11-25T22:58:06","guid":{"rendered":"http:\/\/www.stanetdam.com\/nous\/"},"modified":"2007-11-26T00:58:06","modified_gmt":"2007-11-25T22:58:06","slug":"nous","status":"publish","type":"page","link":"https:\/\/stanetdam.com\/?page_id=278","title":{"rendered":"Qui sont-ils ?"},"content":{"rendered":"<p style=\"text-align: center;\"><img loading=\"lazy\" decoding=\"async\" class=\"aligncenter\" title=\"Stan et Dam\" src=\"http:\/\/farm4.static.flickr.com\/3162\/2871103458_1617aba83a.jpg\" alt=\"Photo : Richard Ying\" width=\"500\" height=\"375\" \/><\/p>\n<p style=\"text-align: center;\">Photo : <a href=\"http:\/\/richard.ying.fr\/blog\" target=\"_blank\" rel=\"noopener noreferrer\">Richard Ying<\/a> (notre photo reporter pr\u00e9f\u00e9r\u00e9)<\/p>\n<h2><span style=\"color: #ff9900;\">A droite : Stanislas Khider &#8230;. dit STAN !<\/span><\/h2>\n<p>37 ans (non je sais ca se voit pas. C&rsquo;est l&rsquo;effet Oil of Olaz)<br \/>\n1m70 &#8211; 65 Kg (dans les bons jours et j&rsquo;ai grossi gr\u00e2ce \u00e0 l&rsquo;entrepreneuriat)<br \/>\nBrun &#8211; Yeux marrons<\/p>\n<p>Il est fondateur de la soci\u00e9t\u00e9 <a href=\"http:\/\/www.seliboma.com\" target=\"_blank\" rel=\"noopener noreferrer\">SELIBOMa <\/a>et de formation juridique (un homme de paradoxe diriez-vous).<\/p>\n<p>Tr\u00e8s t\u00f4t, <strong>le petit Stan s&rsquo;est passionn\u00e9 pour la technique<\/strong>: ZX81 puis Spectrum, jeux LCD (le corbeau &#8230; que de souvenir et Donkey Kong), Apple IIc (merci maman), i286 (merci papa), i386 puis pentium (merci mamie). La liste des cadavres technologiques est longue.<\/p>\n<p>Tout ca pour dire, <strong>qu&rsquo;il connait un peu les PC (client serveur), les Mac, Linux, le web et les mobiles surtout les mobiles !<\/strong><\/p>\n<p><span style=\"text-decoration: underline;\">Caract\u00e9ristique<\/span>: l\u00e9g\u00e8rement obs\u00e9d\u00e9 par le m\u00e9dia center parfait reli\u00e9 \u00e0 la TV 1080p retro-\u00e9clair\u00e9 LED ! sans oublier la sortie LPCM x.1. Non parce que c&rsquo;est important !<\/p>\n<p><span style=\"text-decoration: underline;\">Pouvoir sp\u00e9cial<\/span>: <strong>multit\u00e2che pr\u00e9emptif.<\/strong><\/p>\n<h2><span style=\"color: #ff9900;\">A gauche : Damien Douani&#8230; dit DAM !<br \/>\n<\/span><\/h2>\n<p>34 ans (attention : la barbe, \u00e7a vieillit)<br \/>\nBrun &#8211; Yeux marrons (comme Stan, c&rsquo;est pour \u00e7a qu&rsquo;on s&rsquo;entend bien)<br \/>\n1m74<\/p>\n<p>Aujourd&rsquo;hui Directeur marketing et communication d&rsquo;une start-up d\u00e9nomm\u00e9e <a href=\"http:\/\/www.bluekiwi-software.com\" target=\"_blank\" rel=\"noopener noreferrer\">blueKiwi<\/a> (r\u00e9seaux sociaux pour entreprises), il a longtemps travaill\u00e9 chez Orange en <a href=\"http:\/\/www.francetelecom.com\/fr_FR\/innovation\/\" target=\"_blank\" rel=\"noopener noreferrer\">innovation<\/a> et <a href=\"http:\/\/www.studio-creatif.com\" target=\"_blank\" rel=\"noopener noreferrer\">prospective<\/a>, et il est notamment l&rsquo;un des papas d&rsquo;un site d&rsquo;expression personnelle nouvelle g\u00e9n\u00e9ration, <a href=\"http:\/\/www.katoa.com\" target=\"_blank\" rel=\"noopener noreferrer\">Katoa.<\/a> Il a aussi co-fond\u00e9 <a href=\"http:\/\/fr.readwriteweb.com\" target=\"_blank\" rel=\"noopener noreferrer\">ReadWriteWeb France<\/a> et <a href=\"http:\/\/www.owni.fr\" target=\"_blank\" rel=\"noopener noreferrer\">Owni<\/a>.<\/p>\n<p>De formations \u00e9conomico-supdeco-nouvelles technos, il a une grande passion pour les medias (je vous passe le nombre d&rsquo;\u00e9missions radio faites sur son enregistreur double cassettes Thomson), a fait de la radio sur Radio France et du court-m\u00e9trage.<\/p>\n<p>Chez Orange, il se met \u00e0 imaginer de nouvelles id\u00e9es de services dans les t\u00e9l\u00e9coms, <strong>en se passionnant pour la cr\u00e9ativit\u00e9, la prospective, les nouvelles id\u00e9es et l&rsquo;international (Asie, USA). <\/strong>Bref, ce qui l&rsquo;int\u00e9resse, c&rsquo;est ce qui va arriver APRES, et COMMENT ca pourrait arriver. C&rsquo;est l\u00e0 qu&rsquo;il croisera les r\u00e9seaux et m\u00e9dias sociaux qui ne le quitteront plus.<\/p>\n<p>Il aime aussi la technique: un ZX81 puis Atari 800XL (m\u00e9connu au bataillon je sais, mais trop de la balle pour jouer \u00e0 Pitstop), i286 (merci papa), i386 puis pentium (merci papa toujours, mais maman aussi). Sans oublier un Merlin et un Simon pocket.<\/p>\n<p>Tout ca pour dire qu&rsquo;il s&rsquo;y conna\u00eet plut\u00f4t bien <strong>en technologies, en m\u00e9dias (notamment sociaux et num\u00e9riques), et peut vous lire votre avenir digital <\/strong>dans un circuit imprim\u00e9.<\/p>\n<p><span style=\"text-decoration: underline;\">Caract\u00e9ristiques<\/span> : aime les tr\u00e8s bons mauvais films, ce que l&rsquo;on appelle commun\u00e9ment les \u00ab\u00a0nanars\u00a0\u00bb (note : en faire un blog prochainement). A part \u00e7a, polyobsessionnel.<\/p>\n<p><span style=\"text-decoration: underline;\">Pouvoir sp\u00e9cial<\/span> : d\u00e9bit verbal index\u00e9 sur l&rsquo;hygrom\u00e9trie et le taux de caf\u00e9ine.<\/p>\n<p><span style=\"text-decoration: underline;\">Ses doubles virtuels <\/span>: <a href=\"http:\/\/www.twitter.com\/damiendouani\" target=\"_blank\" rel=\"noopener noreferrer\">twitter<\/a>, <a href=\"http:\/\/www.facebook.com\/damiendouani\" target=\"_blank\" rel=\"noopener noreferrer\">facebook<\/a>, <a href=\"http:\/\/linkedin.damiendouani.com\" target=\"_blank\" rel=\"noopener noreferrer\">linkedin<\/a>, <a href=\"http:\/\/www.friendfeed.com\/damiendouani\" target=\"_blank\" rel=\"noopener noreferrer\">friendfeed<\/a>, <a href=\"http:\/\/www.qik.com\/damiendouani\" target=\"_blank\" rel=\"noopener noreferrer\">qik<\/a>&#8230;<\/p>\n<div id=\"themify_builder_content-278\" data-postid=\"278\" class=\"themify_builder_content themify_builder_content-278 themify_builder\">\n    <\/div>\n<!-- \/themify_builder_content -->\n","protected":false},"excerpt":{"rendered":"<p>Photo : Richard Ying (notre photo reporter pr\u00e9f\u00e9r\u00e9) A droite : Stanislas Khider &#8230;. dit STAN ! 37 ans (non je sais ca se voit pas. C&rsquo;est l&rsquo;effet Oil of Olaz) 1m70 &#8211; 65 Kg (dans les bons jours et j&rsquo;ai grossi gr\u00e2ce \u00e0 l&rsquo;entrepreneuriat) Brun &#8211; Yeux marrons Il est fondateur de la soci\u00e9t\u00e9 [&hellip;]<\/p>\n","protected":false},"author":3,"featured_media":0,"parent":0,"menu_order":1,"comment_status":"open","ping_status":"open","template":"","meta":{"footnotes":""},"class_list":["post-278","page","type-page","status-publish","hentry","has-post-title","has-post-date","has-post-category","has-post-tag","has-post-comment","has-post-author",""],"builder_content":"","_links":{"self":[{"href":"https:\/\/stanetdam.com\/index.php?rest_route=\/wp\/v2\/pages\/278","targetHints":{"allow":["GET"]}}],"collection":[{"href":"https:\/\/stanetdam.com\/index.php?rest_route=\/wp\/v2\/pages"}],"about":[{"href":"https:\/\/stanetdam.com\/index.php?rest_route=\/wp\/v2\/types\/page"}],"author":[{"embeddable":true,"href":"https:\/\/stanetdam.com\/index.php?rest_route=\/wp\/v2\/users\/3"}],"replies":[{"embeddable":true,"href":"https:\/\/stanetdam.com\/index.php?rest_route=%2Fwp%2Fv2%2Fcomments&post=278"}],"version-history":[{"count":0,"href":"https:\/\/stanetdam.com\/index.php?rest_route=\/wp\/v2\/pages\/278\/revisions"}],"wp:attachment":[{"href":"https:\/\/stanetdam.com\/index.php?rest_route=%2Fwp%2Fv2%2Fmedia&parent=278"}],"curies":[{"name":"wp","href":"https:\/\/api.w.org\/{rel}","templated":true}]}}