{"id":132,"date":"2007-11-02T10:19:49","date_gmt":"2007-11-02T08:19:49","guid":{"rendered":"http:\/\/www.stanetdam.com\/a-propos\/"},"modified":"2007-11-02T10:19:49","modified_gmt":"2007-11-02T08:19:49","slug":"a-propos","status":"publish","type":"page","link":"https:\/\/stanetdam.com\/?page_id=132","title":{"rendered":"A propos"},"content":{"rendered":"<p align=\"left\">Si ce sont Stan&amp;Dam qui vous int\u00e9ressent, d\u00e9couvrez leur bio dans <a href=\"http:\/\/www.stanetdam.com\/nous\/\">Qui sont-ils ?<\/a>.<\/p>\n<h3><span style=\"color: #999999;\"><strong>Stan&amp;Dam, le blog <\/strong><\/span><\/h3>\n<p>N\u00e9 d&rsquo;une rencontre fortuite qui les am\u00e8nera \u00e0 se mettre en couple virtuel pour le meilleur (bien que cela d\u00e9pende des moments), Stan&amp;Dam est un blog <strong>\u00ab\u00a0techno-entertainment\u00a0\u00bb.<\/strong><\/p>\n<p><strong> <\/strong>D&rsquo;un abord l\u00e9ger dans la forme et \u00e0 la fois rigoureux dans le fond, <strong>Stan&amp;Dam le blog <\/strong><strong> <\/strong><strong>est la volont\u00e9 de s&rsquo;exprimer <\/strong><strong>avec humour et d\u00e9contraction <\/strong>sur des sujets que les deux auteurs connaissent tr\u00e8s bien de par leurs activit\u00e9s professionnelles (web, mobile, marketing, usages, prospective, r\u00e9seaux&#8230;) notamment via des tests de nouveaux produits, interviews et cr\u00e9ations vid\u00e9os maison. Mais ils affectionnent aussi cin\u00e9ma, t\u00e9l\u00e9, raret\u00e9s kitch, curiosit\u00e9s glan\u00e9es sur le web ou IRL&#8230;<\/p>\n<p>C&rsquo;est aussi un <strong>laboratoire exp\u00e9rimental <\/strong>o\u00f9 sont test\u00e9s de nouveaux outils de communication : multi-publication, OpenID, Facebook Connect, Qik, Twitter, tags 3D, RSS auto-publi\u00e9s&#8230;<\/p>\n<p>Mais surtout, <strong>Stan&amp;Dam <a href=\"http:\/\/www.stanetdam.com\/sdtv\/\" target=\"_self\" rel=\"noopener noreferrer\">imaginent et produisent leur propres contenus<\/a> vid\u00e9os, photos et audio<\/strong> : <a href=\"http:\/\/www.dailymotion.com\/video\/x6zd10_tendances-le-topflop-techno-des-exp_webcam?from=rssundefined\" target=\"_blank\" rel=\"noopener noreferrer\">interviews d&rsquo;acteurs du web<\/a>, JT de Facebook (<a href=\"http:\/\/www.dailymotion.com\/video\/x42x42_facebook-24-le-journal-officiel-de_fun?from=rssundefined\" target=\"_blank\" rel=\"noopener noreferrer\">facebook24<\/a>), chroniques video (<a href=\"http:\/\/www.dailymotion.com\/video\/x949rt_the-standam-report-1-hadopi_tech?from=rssundefined\" target=\"_blank\" rel=\"noopener noreferrer\">The Report<\/a>), <a href=\"http:\/\/www.dailymotion.com\/video\/x6saos_interview-de-michel-levyprovencal-f_webcam?from=rssundefined\" target=\"_blank\" rel=\"noopener noreferrer\">reportages<\/a>, <a href=\"http:\/\/www.dailymotion.com\/video\/x8lwxe_demo-09-decouverte-de-vue-par-stand_tech?from=rssundefined\" target=\"_blank\" rel=\"noopener noreferrer\">tests produits<\/a>, <a href=\"http:\/\/www.dailymotion.com\/video\/x6smrv_mickael-vendetta-linterview-remixee_fun?from=rssundefined\" target=\"_blank\" rel=\"noopener noreferrer\">d\u00e9tournements<\/a>&#8230;<\/p>\n<p>Notre conseil du jour pour vous faire d\u00e9couvrir ce joyeux <span style=\"text-decoration: line-through;\">foutoir<\/span> univers, suivez le guide (les rubriques sont accessibles via la colonne de droite) :<\/p>\n<p>&gt; <strong>Techlounge et Geekeries \/ Dossiers analyses et tests<\/strong> : le lieu o\u00f9 l&rsquo;on parle s\u00e9rieusement des nouveaut\u00e9s technologies et geek que l&rsquo;on a vu et test\u00e9.<\/p>\n<p>&gt; <strong>La Pause de midi <\/strong>: le moment quotidien de d\u00e9contraction publi\u00e9 \u00e0 midi pile tous les jours, avec des raret\u00e9s extraordinaires et des perles nanardesques propos\u00e9es par notre communaut\u00e9.<\/p>\n<p>&gt; <strong>D\u00e9couvertes, tendances et soci\u00e9t\u00e9 <\/strong>: exemples d&rsquo;usages et d&rsquo;\u00e9volutions soci\u00e9tales par le d\u00e9veloppement des nouvelles technologies comme media dominant.<\/p>\n<p>&gt; <strong>Lifestream S&amp;D<\/strong> : notre dernier b\u00e9b\u00e9, le publication en temps r\u00e9el des informations que nous trouvons pertinentes via des remont\u00e9es de fils RSS.<\/p>\n<p>&gt; <strong>Cin\u00e9ma, loisirs et portnawak<\/strong> : parce qu&rsquo;il nous arrive de nous d\u00e9coller de nos \u00e9crans et d&rsquo;avoir une vie en-dehors, \u00e7a nous fait du bien de partager tout cela. En vrac : cin\u00e9ma, t\u00e9l\u00e9vision, publicit\u00e9s, cuisine&#8230;<\/p>\n<p>&gt; <strong>S&amp;D prod<\/strong> : tous les contenus imagin\u00e9s et produits par Stan&amp;Dam sous forme de billets de blog.<\/p>\n<p>&gt; <strong>Vendu<\/strong> : il nous arrive de faire un peu de pub (faut bien vivre), donc c&rsquo;est notre mani\u00e8re de signaler un contenu sponsoris\u00e9.<\/p>\n<p><strong><br \/>\n<\/strong><\/p>\n<h2><strong>En clair: Stan&amp;Dam on y parle en <span style=\"color: #ff9900;\">experts <\/span>et en <span style=\"color: #ff9900;\">geeks<\/span> avertis de <span style=\"color: #ff9900;\">technologies<\/span>, nouveaux <span style=\"color: #ff9900;\">usages<\/span>, <span style=\"color: #ff9900;\">m\u00e9dias <\/span>num\u00e9riques et sociaux, <span style=\"color: #ff9900;\"><span style=\"color: #000000;\">nouveaut\u00e9s <\/span>web 2.0<\/span>, <span style=\"color: #ff9900;\">blogosph\u00e8re<\/span>, mais aussi <span style=\"color: #ff9900;\">cin\u00e9ma<\/span><\/strong><strong> et <span style=\"color: #ff9900;\">t\u00e9l\u00e9<\/span><\/strong><strong>, on y fait des <span style=\"color: #ff9900;\">vid\u00e9os <\/span>et surtout on s&rsquo;y fait <span style=\"color: #ff9900;\">plaisir <\/span>!<\/strong><\/h2>\n<p><script type=\"text\/javascript\">\/\/ <![CDATA[\n  SHARETHIS.addEntry( \t{ \ttitle: \"A Nous\", \turl: \"http:\/\/www.stanetdam.com\/nous\/\" \t} \t \t );\n\/\/ ]]><\/script><span id=\"sharethis_0\"><a class=\"stbutton stico_rotate\" title=\"ShareThis via email, AIM, social bookmarking and networking sites, etc.\" href=\"http:\/\/www.stanetdam.com\/nous\/\"><\/a><\/span><\/p>\n<p align=\"left\">\n<div id=\"themify_builder_content-132\" data-postid=\"132\" class=\"themify_builder_content themify_builder_content-132 themify_builder\">\n    <\/div>\n<!-- \/themify_builder_content -->\n","protected":false},"excerpt":{"rendered":"<p>Si ce sont Stan&amp;Dam qui vous int\u00e9ressent, d\u00e9couvrez leur bio dans Qui sont-ils ?. Stan&amp;Dam, le blog N\u00e9 d&rsquo;une rencontre fortuite qui les am\u00e8nera \u00e0 se mettre en couple virtuel pour le meilleur (bien que cela d\u00e9pende des moments), Stan&amp;Dam est un blog \u00ab\u00a0techno-entertainment\u00a0\u00bb. D&rsquo;un abord l\u00e9ger dans la forme et \u00e0 la fois rigoureux [&hellip;]<\/p>\n","protected":false},"author":3,"featured_media":0,"parent":0,"menu_order":0,"comment_status":"closed","ping_status":"open","template":"","meta":{"footnotes":""},"class_list":["post-132","page","type-page","status-publish","hentry","has-post-title","has-post-date","has-post-category","has-post-tag","has-post-comment","has-post-author",""],"builder_content":"","_links":{"self":[{"href":"https:\/\/stanetdam.com\/index.php?rest_route=\/wp\/v2\/pages\/132","targetHints":{"allow":["GET"]}}],"collection":[{"href":"https:\/\/stanetdam.com\/index.php?rest_route=\/wp\/v2\/pages"}],"about":[{"href":"https:\/\/stanetdam.com\/index.php?rest_route=\/wp\/v2\/types\/page"}],"author":[{"embeddable":true,"href":"https:\/\/stanetdam.com\/index.php?rest_route=\/wp\/v2\/users\/3"}],"replies":[{"embeddable":true,"href":"https:\/\/stanetdam.com\/index.php?rest_route=%2Fwp%2Fv2%2Fcomments&post=132"}],"version-history":[{"count":0,"href":"https:\/\/stanetdam.com\/index.php?rest_route=\/wp\/v2\/pages\/132\/revisions"}],"wp:attachment":[{"href":"https:\/\/stanetdam.com\/index.php?rest_route=%2Fwp%2Fv2%2Fmedia&parent=132"}],"curies":[{"name":"wp","href":"https:\/\/api.w.org\/{rel}","templated":true}]}}